{"id":1270,"date":"2019-10-06T19:14:52","date_gmt":"2019-10-06T19:14:52","guid":{"rendered":"http:\/\/www.cultrix.info\/?page_id=1270"},"modified":"2020-11-09T07:37:43","modified_gmt":"2020-11-09T07:37:43","slug":"cultrix-international-as-2__trashed","status":"publish","type":"page","link":"https:\/\/www.cultrix.info\/?page_id=1270","title":{"rendered":"Sur nous"},"content":{"rendered":"<header class=\"entry-header\"><strong>Cultrix International<\/strong> AS\u00a0a \u00e9te fond\u00e9e en 2014 par Hanne Kur\u00e5s Karlsen (psychologue clinicienne)<\/p>\n<h1 class=\"tw-data-text tw-text-large tw-ta\" dir=\"ltr\" data-placeholder=\"Translation\"><span lang=\"fr\" tabindex=\"0\"><strong>Que veut dire <em>Cultrix<\/em><\/strong>?<\/span><\/h1>\n<p class=\"tw-data-text tw-text-large tw-ta\" dir=\"ltr\" data-placeholder=\"Translation\"><span lang=\"fr\" tabindex=\"0\">Cultrix (Lat.): &#8220;Celle qui soigne et cultive&#8221;. <\/span><\/p>\n<ul>\n<li class=\"tw-data-text tw-text-large tw-ta\" dir=\"ltr\" data-placeholder=\"Translation\"><span lang=\"fr\" tabindex=\"0\"><em>Soigner<\/em> dans le sens de s&#8217;occuper de\/d&#8217;entretenir et r\u00e9parer<\/span><\/li>\n<li class=\"tw-data-text tw-text-large tw-ta\" dir=\"ltr\" data-placeholder=\"Translation\"><span lang=\"fr\" tabindex=\"0\"><em>Cultiver<\/em> dans le sens de faire (ag-)grandir [qc.]. <\/span><\/li>\n<\/ul>\n<p><span lang=\"fr\" tabindex=\"0\">Voil\u00e0 ce que repr\u00e9sente Cultrix!<\/span><\/p>\n<h1 class=\"entry-title\"><strong><span lang=\"fr\" tabindex=\"0\">Valeurs fondamentales:<\/span><\/strong><\/h1>\n<\/header>\n<ul>\n<li><span lang=\"fr\" tabindex=\"0\">Int\u00e9grit\u00e9<\/span><\/li>\n<li><span lang=\"fr\" tabindex=\"0\">D\u00e9vouement<\/span><\/li>\n<li><span lang=\"fr\" tabindex=\"0\">Indulgence <\/span><\/li>\n<\/ul>\n<h1><strong><span lang=\"fr\" tabindex=\"0\">Vision: <\/span><\/strong><\/h1>\n<p><span lang=\"fr\" tabindex=\"0\">Cultrix vous permet d\u2019agrandir sainement! <\/span><\/p>\n<h1><span lang=\"fr\" tabindex=\"0\"><strong>Mission:<\/strong> <\/span><\/h1>\n<p><span lang=\"fr\" tabindex=\"0\">Notre mission est de cr\u00e9er de la valeur en utilisant des connaissances psychologiques, permettant aux individus, aux organisations et finalement \u00e0 la soci\u00e9t\u00e9 de prosp\u00e9rer.<\/span><\/p>\n","protected":false},"excerpt":{"rendered":"<p>Cultrix International AS\u00a0a \u00e9te fond\u00e9e en 2014 par Hanne Kur\u00e5s Karlsen (psychologue clinicienne) Que veut dire Cultrix? Cultrix (Lat.): &#8220;Celle qui soigne et cultive&#8221;. Soigner dans le sens de s&#8217;occuper de\/d&#8217;entretenir et r\u00e9parer Cultiver dans le sens de faire (ag-)grandir [qc.]. Voil\u00e0 ce que repr\u00e9sente Cultrix! Valeurs fondamentales: Int\u00e9grit\u00e9 D\u00e9vouement Indulgence Vision: Cultrix vous permet [&hellip;]<\/p>\n","protected":false},"author":1,"featured_media":0,"parent":0,"menu_order":0,"comment_status":"closed","ping_status":"closed","template":"","meta":{"_themeisle_gutenberg_block_has_review":false,"footnotes":""},"class_list":["post-1270","page","type-page","status-publish","hentry"],"_links":{"self":[{"href":"https:\/\/www.cultrix.info\/index.php?rest_route=\/wp\/v2\/pages\/1270","targetHints":{"allow":["GET"]}}],"collection":[{"href":"https:\/\/www.cultrix.info\/index.php?rest_route=\/wp\/v2\/pages"}],"about":[{"href":"https:\/\/www.cultrix.info\/index.php?rest_route=\/wp\/v2\/types\/page"}],"author":[{"embeddable":true,"href":"https:\/\/www.cultrix.info\/index.php?rest_route=\/wp\/v2\/users\/1"}],"replies":[{"embeddable":true,"href":"https:\/\/www.cultrix.info\/index.php?rest_route=%2Fwp%2Fv2%2Fcomments&post=1270"}],"version-history":[{"count":5,"href":"https:\/\/www.cultrix.info\/index.php?rest_route=\/wp\/v2\/pages\/1270\/revisions"}],"predecessor-version":[{"id":1696,"href":"https:\/\/www.cultrix.info\/index.php?rest_route=\/wp\/v2\/pages\/1270\/revisions\/1696"}],"wp:attachment":[{"href":"https:\/\/www.cultrix.info\/index.php?rest_route=%2Fwp%2Fv2%2Fmedia&parent=1270"}],"curies":[{"name":"wp","href":"https:\/\/api.w.org\/{rel}","templated":true}]}}